{"id":26,"date":"2026-01-04T15:43:59","date_gmt":"2026-01-04T15:43:59","guid":{"rendered":"https:\/\/rr5234.net\/?page_id=26"},"modified":"2026-01-04T17:40:30","modified_gmt":"2026-01-04T17:40:30","slug":"trang-chu","status":"publish","type":"page","link":"https:\/\/rr5234.net\/","title":{"rendered":"Trang ch\u1ee7"},"content":{"rendered":"\t<div class=\"img has-hover x md-x lg-x y md-y lg-y\" id=\"image_720450773\">\n\t\t<a class=\"\" href=\"https:\/\/rr5234.net\/qc\/1\" target=\"_blank\" rel=\"noopener\">\t\t\t\t\t\t<div class=\"img-inner dark\" >\n\t\t\t<img loading=\"lazy\" decoding=\"async\" width=\"1920\" height=\"600\" src=\"https:\/\/rr5234.net\/wp-content\/uploads\/2026\/01\/rr5234-tt.png\" class=\"attachment-original size-original\" alt=\"\" srcset=\"https:\/\/rr5234.net\/wp-content\/uploads\/2026\/01\/rr5234-tt.png 1920w, https:\/\/rr5234.net\/wp-content\/uploads\/2026\/01\/rr5234-tt-300x94.png 300w, https:\/\/rr5234.net\/wp-content\/uploads\/2026\/01\/rr5234-tt-1024x320.png 1024w, https:\/\/rr5234.net\/wp-content\/uploads\/2026\/01\/rr5234-tt-768x240.png 768w, https:\/\/rr5234.net\/wp-content\/uploads\/2026\/01\/rr5234-tt-1536x480.png 1536w\" sizes=\"auto, (max-width: 1920px) 100vw, 1920px\" \/>\t\t\t\t\t\t\n\t\t\t\t\t<\/div>\n\t\t\t\t\t\t<\/a>\t\t\n<style>\n#image_720450773 {\n  width: 100%;\n}\n<\/style>\n\t<\/div>\n\t\n<div class=\"row\"  id=\"row-2014599455\">\n\n\t<div id=\"col-1926577985\" class=\"col small-12 large-12\"  >\n\t\t\t\t<div class=\"col-inner\"  >\n\t\t\t\n\t\t\t\n\t<div id=\"text-3975304620\" class=\"text\">\n\t\t\n<h1 style=\"text-align: center;\"><span style=\"font-family: verdana, geneva, sans-serif; color: #5bb0e7;\"><a style=\"color: #5bb0e7;\" href=\"https:\/\/www.rr5234.com\/\" target=\"_blank\" rel=\"noopener\">RR5234<\/a> &#8211; Thi\u00ean \u0111\u01b0\u1eddng gi\u1ea3i tr\u00ed h\u00e0ng \u0111\u1ea7u Vi\u1ec7t Nam 2026<\/span><\/h1>\n<p><span style=\"font-family: verdana, geneva, sans-serif;\"><strong data-start=\"299\" data-end=\"342\"><span style=\"color: #5bb0e7;\"><a style=\"color: #5bb0e7;\" href=\"https:\/\/rr5234.net\/\">RR5234<\/a><\/span> n\u1ec1n t\u1ea3ng gi\u1ea3i tr\u00ed tr\u1ef1c tuy\u1ebfn th\u1ebf h\u1ec7 m\u1edbi<\/strong>\u00a0mang s\u1ee9 m\u1ec7nh t\u1ea1o n\u00ean\u00a0<strong data-start=\"364\" data-end=\"407\">s\u00e2n ch\u01a1i minh b\u1ea1ch \u2013 an to\u00e0n \u2013 \u0111\u1eb3ng c\u1ea5p<\/strong>\u00a0cho c\u1ed9ng \u0111\u1ed3ng ng\u01b0\u1eddi ch\u01a1i Vi\u1ec7t Nam v\u00e0 khu v\u1ef1c ch\u00e2u \u00c1. V\u1edbi \u0111\u1ecbnh h\u01b0\u1edbng ph\u00e1t tri\u1ec3n b\u1ec1n v\u1eefng, c\u00f4ng ngh\u1ec7 hi\u1ec7n \u0111\u1ea1i v\u00e0 h\u1ec7 th\u1ed1ng tr\u00f2 ch\u01a1i phong ph\u00fa,\u00a0<strong data-start=\"548\" data-end=\"556\">RR5234com<\/strong>\u00a0t\u1ef1 h\u00e0o l\u00e0\u00a0<strong data-start=\"567\" data-end=\"611\">nh\u00e0 c\u00e1i c\u00e1 c\u01b0\u1ee3c uy t\u00edn h\u00e0ng \u0111\u1ea7u n\u0103m 2026<\/strong>.<\/span><br \/>\n\t\t\n<style>\n#text-3975304620 {\n  color: rgb(0,0,0);\n}\n#text-3975304620 > * {\n  color: rgb(0,0,0);\n}\n<\/style>\n\t<\/div>\n\t\n\t\t<\/div>\n\t\t\t\t\t<\/div>\n\n\t\n<\/div>\n<div class=\"container section-title-container\" ><h2 class=\"section-title section-title-normal\"><b><\/b><span class=\"section-title-main\" style=\"color:#5bb0e7;\">C\u00e1c \u0111i\u1ec3m m\u1ea1nh v\u01b0\u1ee3t tr\u1ed9i c\u1ee7a rr5234<\/span><b><\/b><\/h2><\/div>\n<div class=\"row\"  id=\"row-413779480\">\n\n\t<div id=\"col-892475179\" class=\"col medium-3 small-6 large-3\"  >\n\t\t\t\t<div class=\"col-inner\"  >\n\t\t\t\n\t\t\t\n\n\t\t<div class=\"icon-box featured-box icon-box-center text-center\"  >\n\t\t\t\t\t<div class=\"icon-box-img\" style=\"width: 100px\">\n\t\t\t\t<div class=\"icon\">\n\t\t\t\t\t<div class=\"icon-inner\" >\n\t\t\t\t\t\t<img loading=\"lazy\" decoding=\"async\" width=\"94\" height=\"100\" src=\"https:\/\/rr5234.net\/wp-content\/uploads\/2026\/01\/uy-tin.png\" class=\"attachment-medium size-medium\" alt=\"RR5234\" \/>\t\t\t\t\t<\/div>\n\t\t\t\t<\/div>\n\t\t\t<\/div>\n\t\t\t\t<div class=\"icon-box-text last-reset\">\n\t\t\t\t\t\t\t\t\t\n\t<div id=\"text-1329472117\" class=\"text\">\n\t\t\n<p style=\"text-align: center;\"><strong><span style=\"font-family: verdana, geneva, sans-serif;\">Gi\u1ea5y ph\u00e9p uy t\u00edn<\/span><\/strong><\/p>\n<p><span style=\"font-family: verdana, geneva, sans-serif;\">RR5234 \u0111\u01b0\u1ee3c c\u1ea5p ph\u00e9p ho\u1ea1t \u0111\u1ed9ng t\u1eeb PAGCOR\u00a0v\u00e0 h\u1ee3p t\u00e1c v\u1edbi nhi\u1ec1u \u0111\u01a1n v\u1ecb l\u1edbn v\u1ec1 game &amp; d\u1eef li\u1ec7u c\u01b0\u1ee3c.<\/span><br \/>\n\t\t\n<style>\n#text-1329472117 {\n  color: rgb(0,0,0);\n}\n#text-1329472117 > * {\n  color: rgb(0,0,0);\n}\n<\/style>\n\t<\/div>\n\t\n\t\t<\/div>\n\t<\/div>\n\t\n\t\n\t\t<\/div>\n\t\t\t\t\t<\/div>\n\n\t\n\n\t<div id=\"col-312106301\" class=\"col medium-3 small-6 large-3\"  >\n\t\t\t\t<div class=\"col-inner\"  >\n\t\t\t\n\t\t\t\n\n\t\t<div class=\"icon-box featured-box icon-box-center text-center\"  >\n\t\t\t\t\t<div class=\"icon-box-img\" style=\"width: 100px\">\n\t\t\t\t<div class=\"icon\">\n\t\t\t\t\t<div class=\"icon-inner\" >\n\t\t\t\t\t\t<img loading=\"lazy\" decoding=\"async\" width=\"94\" height=\"100\" src=\"https:\/\/rr5234.net\/wp-content\/uploads\/2026\/01\/bao-mat.png\" class=\"attachment-medium size-medium\" alt=\"RR5234\" \/>\t\t\t\t\t<\/div>\n\t\t\t\t<\/div>\n\t\t\t<\/div>\n\t\t\t\t<div class=\"icon-box-text last-reset\">\n\t\t\t\t\t\t\t\t\t\n\t<div id=\"text-243194488\" class=\"text\">\n\t\t\n<p><span style=\"font-family: verdana, geneva, sans-serif;\">\u00a0<strong data-start=\"1374\" data-end=\"1400\">B\u1ea3o m\u1eadt chu\u1ea9n qu\u1ed1c t\u1ebf<\/strong><\/span><\/p>\n<p><span style=\"font-family: verdana, geneva, sans-serif;\">C\u1ed5ng game d\u00f9ng h\u1ec7 th\u1ed1ng \u1ee9ng d\u1ee5ng c\u00f4ng ngh\u1ec7 m\u00e3 h\u00f3a SSL 256-bit, \u0111\u1ea3m b\u1ea3o an to\u00e0n tuy\u1ec7t \u0111\u1ed1i cho m\u1ecdi giao d\u1ecbch.<\/span><br \/>\n\t\t\n<style>\n#text-243194488 {\n  color: rgb(0,0,0);\n}\n#text-243194488 > * {\n  color: rgb(0,0,0);\n}\n<\/style>\n\t<\/div>\n\t\n\t\t<\/div>\n\t<\/div>\n\t\n\t\n\t\t<\/div>\n\t\t\t\t\t<\/div>\n\n\t\n\n\t<div id=\"col-189338759\" class=\"col medium-3 small-6 large-3\"  >\n\t\t\t\t<div class=\"col-inner\"  >\n\t\t\t\n\t\t\t\n\n\t\t<div class=\"icon-box featured-box icon-box-center text-center\"  >\n\t\t\t\t\t<div class=\"icon-box-img\" style=\"width: 100px\">\n\t\t\t\t<div class=\"icon\">\n\t\t\t\t\t<div class=\"icon-inner\" >\n\t\t\t\t\t\t<img loading=\"lazy\" decoding=\"async\" width=\"94\" height=\"100\" src=\"https:\/\/rr5234.net\/wp-content\/uploads\/2026\/01\/thanh-toan.png\" class=\"attachment-medium size-medium\" alt=\"RR5234\" \/>\t\t\t\t\t<\/div>\n\t\t\t\t<\/div>\n\t\t\t<\/div>\n\t\t\t\t<div class=\"icon-box-text last-reset\">\n\t\t\t\t\t\t\t\t\t\n\t<div id=\"text-3974146106\" class=\"text\">\n\t\t\n<p><span style=\"font-family: verdana, geneva, sans-serif;\"><strong>\u00a0N\u1ea1p r\u00fat si\u00eau t\u1ed1c\u00a0<\/strong><\/span><\/p>\n<p><span style=\"font-family: verdana, geneva, sans-serif;\">V\u1edbi\u00a0<strong data-start=\"1860\" data-end=\"1868\">RR5234 <\/strong>, b\u1ea1n kh\u00f4ng c\u1ea7n ch\u1edd \u0111\u1ee3i l\u00e2u \u2013 m\u1ecdi giao d\u1ecbch\u00a0<strong data-start=\"1912\" data-end=\"1958\">n\u1ea1p\/r\u00fat ti\u1ec1n \u0111\u01b0\u1ee3c x\u1eed l\u00fd ch\u1ec9 trong v\u00e0i ph\u00fat<\/strong>.<\/span><br \/>\n\t\t\n<style>\n#text-3974146106 {\n  color: rgb(0,0,0);\n}\n#text-3974146106 > * {\n  color: rgb(0,0,0);\n}\n<\/style>\n\t<\/div>\n\t\n\t\t<\/div>\n\t<\/div>\n\t\n\t\n\t\t<\/div>\n\t\t\t\t\t<\/div>\n\n\t\n\n\t<div id=\"col-579105592\" class=\"col medium-3 small-6 large-3\"  >\n\t\t\t\t<div class=\"col-inner\"  >\n\t\t\t\n\t\t\t\n\n\t\t<div class=\"icon-box featured-box icon-box-center text-center\"  >\n\t\t\t\t\t<div class=\"icon-box-img\" style=\"width: 100px\">\n\t\t\t\t<div class=\"icon\">\n\t\t\t\t\t<div class=\"icon-inner\" >\n\t\t\t\t\t\t<img loading=\"lazy\" decoding=\"async\" width=\"100\" height=\"100\" src=\"https:\/\/rr5234.net\/wp-content\/uploads\/2026\/01\/cskh.png\" class=\"attachment-medium size-medium\" alt=\"RR5234\" \/>\t\t\t\t\t<\/div>\n\t\t\t\t<\/div>\n\t\t\t<\/div>\n\t\t\t\t<div class=\"icon-box-text last-reset\">\n\t\t\t\t\t\t\t\t\t\n\t<div id=\"text-3078099445\" class=\"text\">\n\t\t\n<p><span style=\"font-family: verdana, geneva, sans-serif;\"><strong data-start=\"1448\" data-end=\"1462\">Ch\u0103m s\u00f3c kh\u00e1ch h\u00e0ng<\/strong><\/span><\/p>\n<p><span style=\"font-family: verdana, geneva, sans-serif;\">H\u1ec7 th\u1ed1ng h\u1ed7 tr\u1ee3 kh\u00e1ch h\u00e0ng 24\/7, s\u1eb5n s\u00e0ng gi\u1ea3i \u0111\u00e1p m\u1ecdi th\u1eafc m\u1eafc, mang \u0111\u1ebfn tr\u1ea3i nghi\u1ec7m tr\u1ecdn v\u1eb9n v\u00e0 chuy\u00ean nghi\u1ec7p nh\u1ea5t.<\/span><br \/>\n\t\t\n<style>\n#text-3078099445 {\n  color: rgb(0,0,0);\n}\n#text-3078099445 > * {\n  color: rgb(0,0,0);\n}\n<\/style>\n\t<\/div>\n\t\n\t\t<\/div>\n\t<\/div>\n\t\n\t\n\t\t<\/div>\n\t\t\t\t\t<\/div>\n\n\t\n<\/div>\n<div class=\"row row-collapse row-full-width align-center\"  id=\"row-167425242\">\n\n\t<div id=\"col-1778862868\" class=\"col medium-2 large-2\"  >\n\t\t\t\t<div class=\"col-inner text-center\"  >\n\t\t\t\n\t\t\t\n\t<div class=\"img has-hover x md-x lg-x y md-y lg-y\" id=\"image_2118845589\">\n\t\t<a class=\"\" href=\"https:\/\/rr5234.net\/qc\/1\" target=\"_blank\" rel=\"noopener\">\t\t\t\t\t\t<div class=\"img-inner dark\" >\n\t\t\t<img loading=\"lazy\" decoding=\"async\" width=\"193\" height=\"241\" src=\"https:\/\/rr5234.net\/wp-content\/uploads\/2026\/01\/casino.png\" class=\"attachment-original size-original\" alt=\"RR5234\" \/>\t\t\t\t\t\t\n\t\t\t\t\t<\/div>\n\t\t\t\t\t\t<\/a>\t\t\n<style>\n#image_2118845589 {\n  width: 50%;\n}\n<\/style>\n\t<\/div>\n\t\n\t<div class=\"img has-hover x md-x lg-x y md-y lg-y\" id=\"image_5214792\">\n\t\t<a class=\"\" href=\"https:\/\/rr5234.net\/qc\/1\" target=\"_blank\" rel=\"noopener\">\t\t\t\t\t\t<div class=\"img-inner dark\" >\n\t\t\t<img loading=\"lazy\" decoding=\"async\" width=\"193\" height=\"241\" src=\"https:\/\/rr5234.net\/wp-content\/uploads\/2026\/01\/the-thao.png\" class=\"attachment-original size-original\" alt=\"RR5234\" \/>\t\t\t\t\t\t\n\t\t\t\t\t<\/div>\n\t\t\t\t\t\t<\/a>\t\t\n<style>\n#image_5214792 {\n  width: 50%;\n}\n<\/style>\n\t<\/div>\n\t\n\t<div class=\"img has-hover x md-x lg-x y md-y lg-y\" id=\"image_1077217219\">\n\t\t<a class=\"\" href=\"https:\/\/rr5234.net\/qc\/1\" target=\"_blank\" rel=\"noopener\">\t\t\t\t\t\t<div class=\"img-inner dark\" >\n\t\t\t<img loading=\"lazy\" decoding=\"async\" width=\"193\" height=\"241\" src=\"https:\/\/rr5234.net\/wp-content\/uploads\/2026\/01\/no-hu.png\" class=\"attachment-original size-original\" alt=\"RR5234\" \/>\t\t\t\t\t\t\n\t\t\t\t\t<\/div>\n\t\t\t\t\t\t<\/a>\t\t\n<style>\n#image_1077217219 {\n  width: 50%;\n}\n<\/style>\n\t<\/div>\n\t\n\t\t<\/div>\n\t\t\t\t\t<\/div>\n\n\t\n\n\t<div id=\"col-119940951\" class=\"col medium-6 large-6\"  >\n\t\t\t\t<div class=\"col-inner\"  >\n\t\t\t\n\t\t\t\n\t<div id=\"gap-1872074519\" class=\"gap-element clearfix\" style=\"display:block; height:auto;\">\n\t\t\n<style>\n#gap-1872074519 {\n  padding-top: 30px;\n}\n<\/style>\n\t<\/div>\n\t\n\t<div id=\"text-2024097479\" class=\"text\">\n\t\t\n<div id=\"col-1687679954\" class=\"col small-12 large-12\">\n<div class=\"col-inner\">\n<h2 style=\"text-align: left;\"><span style=\"font-family: verdana, geneva, sans-serif; color: #5bb0e7;\">Gi\u1edbi thi\u1ec7u ng\u1eafn v\u1ec1 c\u1ed5ng game rr5234<\/span><\/h2>\n<p><span style=\"font-family: verdana, geneva, sans-serif;\"><strong>RR5234<\/strong> l\u00e0 n\u1ec1n t\u1ea3ng gi\u1ea3i tr\u00ed tr\u1ef1c tuy\u1ebfn hi\u1ec7n \u0111\u1ea1i, ho\u1ea1t \u0111\u1ed9ng h\u1ee3p ph\u00e1p d\u01b0\u1edbi s\u1ef1 gi\u00e1m s\u00e1t qu\u1ed1c t\u1ebf v\u00e0 \u0111\u1ea1t nhi\u1ec1u ch\u1ee9ng nh\u1eadn ch\u1ea5t l\u01b0\u1ee3ng uy t\u00edn. V\u1edbi c\u1ed9ng \u0111\u1ed3ng h\u00e0ng tri\u1ec7u ng\u01b0\u1eddi ch\u01a1i tin t\u01b0\u1edfng, RR5234 mang \u0111\u1ebfn m\u00f4i tr\u01b0\u1eddng c\u00e1 c\u01b0\u1ee3c minh b\u1ea1ch, an to\u00e0n v\u00e0 t\u1ed1c \u0111\u1ed9 x\u1eed l\u00fd giao d\u1ecbch v\u01b0\u1ee3t tr\u1ed9i.<\/span><\/p>\n<p>Ngay t\u1eeb c\u00e1i nh\u00ecn \u0111\u1ea7u ti\u00ean, Nh\u00e0 c\u00e1i \u0111\u00e3 g\u00e2y \u1ea5n t\u01b0\u1ee3ng b\u1edfi thi\u1ebft k\u1ebf t\u1ed1i gi\u1ea3n nh\u01b0ng tinh t\u1ebf. Giao di\u1ec7n \u0111\u01b0\u1ee3c b\u1ed1 tr\u00ed h\u1ee3p l\u00fd, d\u1ec5 thao t\u00e1c, gi\u00fap ng\u01b0\u1eddi ch\u01a1i truy c\u1eadp nhanh v\u00e0o c\u00e1c s\u1ea3nh game. H\u1ec7 th\u1ed1ng \u0111\u01b0\u1ee3c t\u1ed1i \u01b0u h\u00f3a \u0111\u1ec3 t\u1ea3i trang nhanh, kh\u00f4ng x\u1ea3y ra t\u00ecnh tr\u1ea1ng gi\u1eadt lag khi truy c\u1eadp t\u1eeb nhi\u1ec1u thi\u1ebft b\u1ecb c\u00f9ng l\u00fac.<\/p>\n<p><span style=\"font-family: verdana, geneva, sans-serif;\">H\u1ec7 th\u1ed1ng game t\u1ea1i RR5234 com c\u1ef1c k\u1ef3 \u0111a d\u1ea1ng: casino live, c\u00e1 c\u01b0\u1ee3c th\u1ec3 thao, eSports, slot game, b\u1eafn c\u00e1, x\u1ed5 s\u1ed1, mini game\u2026 \u0111\u00e1p \u1ee9ng m\u1ecdi nhu c\u1ea7u gi\u1ea3i tr\u00ed. Ng\u01b0\u1eddi ch\u01a1i m\u1edbi \u0111\u0103ng k\u00fd s\u1ebd nh\u1eadn ngay \u01b0u \u0111\u00e3i h\u1ea5p d\u1eabn \u0111\u1ec3 tr\u1ea3i nghi\u1ec7m h\u00e0ng ng\u00e0n tr\u00f2 ch\u01a1i m\u00e0 kh\u00f4ng c\u1ea7n n\u1ea1p ti\u1ec1n.<\/span><\/p>\n<p><span style=\"font-family: verdana, geneva, sans-serif;\">\u0110\u1eb7c bi\u1ec7t, nh\u00e0 c\u00e1i \u0111\u00e3 \u00e1p d\u1ee5ng c\u00f4ng ngh\u1ec7 SSL 256-bit gi\u00fap b\u1ea3o m\u1eadt tuy\u1ec7t \u0111\u1ed1i th\u00f4ng tin, giao d\u1ecbch n\u1ea1p \u2013 r\u00fat ch\u1ec9 trong v\u00e0i ch\u1ee5c gi\u00e2y. D\u1ecbch v\u1ee5 ch\u0103m s\u00f3c kh\u00e1ch h\u00e0ng chuy\u00ean nghi\u1ec7p ho\u1ea1t \u0111\u1ed9ng 24\/7, lu\u00f4n s\u1eb5n s\u00e0ng h\u1ed7 tr\u1ee3 nhanh ch\u00f3ng v\u00e0 t\u1eadn t\u00e2m.<\/span><\/p>\n<p><span style=\"font-family: verdana, geneva, sans-serif;\">V\u1edbi n\u1ec1n t\u1ea3ng c\u00f4ng ngh\u1ec7 \u1ed5n \u0111\u1ecbnh, ch\u00ednh s\u00e1ch khuy\u1ebfn m\u00e3i li\u00ean t\u1ee5c v\u00e0 h\u1ec7 th\u1ed1ng game phong ph\u00fa, RR5234 x\u1ee9ng \u0111\u00e1ng l\u00e0 l\u1ef1a ch\u1ecdn h\u00e0ng \u0111\u1ea7u cho nh\u1eefng ai mu\u1ed1n kh\u00e1m ph\u00e1 th\u1ebf gi\u1edbi c\u00e1 c\u01b0\u1ee3c tr\u1ef1c tuy\u1ebfn chuy\u00ean nghi\u1ec7p.<\/span><\/p>\n<p><span style=\"font-family: verdana, geneva, sans-serif;\">\ud83d\udc49 Truy c\u1eadp link ch\u00ednh th\u1ee9c c\u1ee7a RR5234:<strong> <a href=\"https:\/\/rr5234.net\/\"><span style=\"color: #5bb0e7;\">https:\/\/rr5234.net\/<\/span> <\/a><\/strong>ngay h\u00f4m nay \u0111\u1ec3 nh\u1eadn \u01b0u \u0111\u00e3i h\u1ea5p d\u1eabn v\u00e0 b\u1eaft \u0111\u1ea7u h\u00e0nh tr\u00ecnh gi\u1ea3i tr\u00ed \u0111\u1ec9nh cao.<\/span><\/p>\n<\/div>\n<\/div>\n\t\t\n<style>\n#text-2024097479 {\n  color: rgb(0,0,0);\n}\n#text-2024097479 > * {\n  color: rgb(0,0,0);\n}\n<\/style>\n\t<\/div>\n\t\n\t\t<\/div>\n\t\t\t\t\t<\/div>\n\n\t\n\n\t<div id=\"col-963762545\" class=\"col medium-2 large-2\"  >\n\t\t\t\t<div class=\"col-inner text-center\"  >\n\t\t\t\n\t\t\t\n\t<div class=\"img has-hover x md-x lg-x y md-y lg-y\" id=\"image_646984058\">\n\t\t<a class=\"\" href=\"https:\/\/rr5234.net\/qc\/1\" target=\"_blank\" rel=\"noopener\">\t\t\t\t\t\t<div class=\"img-inner dark\" >\n\t\t\t<img loading=\"lazy\" decoding=\"async\" width=\"193\" height=\"241\" src=\"https:\/\/rr5234.net\/wp-content\/uploads\/2026\/01\/ban-ca.png\" class=\"attachment-original size-original\" alt=\"RR5234\" \/>\t\t\t\t\t\t\n\t\t\t\t\t<\/div>\n\t\t\t\t\t\t<\/a>\t\t\n<style>\n#image_646984058 {\n  width: 50%;\n}\n<\/style>\n\t<\/div>\n\t\n\t<div class=\"img has-hover x md-x lg-x y md-y lg-y\" id=\"image_1264745039\">\n\t\t<a class=\"\" href=\"https:\/\/rr5234.net\/qc\/1\" target=\"_blank\" rel=\"noopener\">\t\t\t\t\t\t<div class=\"img-inner dark\" >\n\t\t\t<img loading=\"lazy\" decoding=\"async\" width=\"193\" height=\"241\" src=\"https:\/\/rr5234.net\/wp-content\/uploads\/2026\/01\/game-bai.png\" class=\"attachment-original size-original\" alt=\"RR5234\" \/>\t\t\t\t\t\t\n\t\t\t\t\t<\/div>\n\t\t\t\t\t\t<\/a>\t\t\n<style>\n#image_1264745039 {\n  width: 50%;\n}\n<\/style>\n\t<\/div>\n\t\n\t<div class=\"img has-hover x md-x lg-x y md-y lg-y\" id=\"image_412988345\">\n\t\t<a class=\"\" href=\"https:\/\/rr5234.net\/qc\/1\" target=\"_blank\" rel=\"noopener\">\t\t\t\t\t\t<div class=\"img-inner dark\" >\n\t\t\t<img loading=\"lazy\" decoding=\"async\" width=\"193\" height=\"241\" src=\"https:\/\/rr5234.net\/wp-content\/uploads\/2026\/01\/xo-so.png\" class=\"attachment-original size-original\" alt=\"RR5234\" \/>\t\t\t\t\t\t\n\t\t\t\t\t<\/div>\n\t\t\t\t\t\t<\/a>\t\t\n<style>\n#image_412988345 {\n  width: 50%;\n}\n<\/style>\n\t<\/div>\n\t\n\t\t<\/div>\n\t\t\t\t\t<\/div>\n\n\t\n<\/div>\n<div class=\"row\"  id=\"row-972206172\">\n\n\t<div id=\"col-1422203508\" class=\"col small-12 large-12\"  >\n\t\t\t\t<div class=\"col-inner\"  >\n\t\t\t\n\t\t\t\n<div class=\"container section-title-container\" ><h2 class=\"section-title section-title-normal\"><b><\/b><span class=\"section-title-main\" style=\"color:#5bb0e7;\">C\u00e1c ch\u01b0\u01a1ng tr\u00ecnh khuy\u1ebfn m\u00e3i si\u00eau h\u1ea5p d\u1eabn<\/span><b><\/b><\/h2><\/div>\n<div class=\"row row-dashed\"  id=\"row-2056950059\">\n\n\t<div id=\"col-1865272227\" class=\"col medium-4 small-12 large-4\"  >\n\t\t\t\t<div class=\"col-inner\"  >\n\t\t\t\n\t\t\t\n\t<div class=\"img has-hover x md-x lg-x y md-y lg-y\" id=\"image_200794934\">\n\t\t<a class=\"\" href=\"https:\/\/rr5234.net\/qc\/2\" target=\"_blank\" rel=\"noopener\">\t\t\t\t\t\t<div class=\"img-inner dark\" >\n\t\t\t<img loading=\"lazy\" decoding=\"async\" width=\"590\" height=\"265\" src=\"https:\/\/rr5234.net\/wp-content\/uploads\/2026\/01\/rr5234-nap50.png\" class=\"attachment-original size-original\" alt=\"\" srcset=\"https:\/\/rr5234.net\/wp-content\/uploads\/2026\/01\/rr5234-nap50.png 590w, https:\/\/rr5234.net\/wp-content\/uploads\/2026\/01\/rr5234-nap50-300x135.png 300w\" sizes=\"auto, (max-width: 590px) 100vw, 590px\" \/>\t\t\t\t\t\t\n\t\t\t\t\t<\/div>\n\t\t\t\t\t\t<\/a>\t\t\n<style>\n#image_200794934 {\n  width: 100%;\n}\n<\/style>\n\t<\/div>\n\t\n\t\t<\/div>\n\t\t\t\t\t<\/div>\n\n\t\n\n\t<div id=\"col-1651491971\" class=\"col medium-4 small-12 large-4\"  >\n\t\t\t\t<div class=\"col-inner\"  >\n\t\t\t\n\t\t\t\n\t<div class=\"img has-hover x md-x lg-x y md-y lg-y\" id=\"image_647240054\">\n\t\t<a class=\"\" href=\"https:\/\/rr5234.net\/qc\/2\" target=\"_blank\" rel=\"noopener\">\t\t\t\t\t\t<div class=\"img-inner dark\" >\n\t\t\t<img loading=\"lazy\" decoding=\"async\" width=\"590\" height=\"265\" src=\"https:\/\/rr5234.net\/wp-content\/uploads\/2026\/01\/rr5234-lx.png\" class=\"attachment-original size-original\" alt=\"\" srcset=\"https:\/\/rr5234.net\/wp-content\/uploads\/2026\/01\/rr5234-lx.png 590w, https:\/\/rr5234.net\/wp-content\/uploads\/2026\/01\/rr5234-lx-300x135.png 300w\" sizes=\"auto, (max-width: 590px) 100vw, 590px\" \/>\t\t\t\t\t\t\n\t\t\t\t\t<\/div>\n\t\t\t\t\t\t<\/a>\t\t\n<style>\n#image_647240054 {\n  width: 100%;\n}\n<\/style>\n\t<\/div>\n\t\n\t\t<\/div>\n\t\t\t\t\t<\/div>\n\n\t\n\n\t<div id=\"col-1604790416\" class=\"col medium-4 small-12 large-4\"  >\n\t\t\t\t<div class=\"col-inner\"  >\n\t\t\t\n\t\t\t\n\t<div class=\"img has-hover x md-x lg-x y md-y lg-y\" id=\"image_2001606411\">\n\t\t<a class=\"\" href=\"https:\/\/rr5234.net\/qc\/2\" target=\"_blank\" rel=\"noopener\">\t\t\t\t\t\t<div class=\"img-inner dark\" >\n\t\t\t<img loading=\"lazy\" decoding=\"async\" width=\"590\" height=\"265\" src=\"https:\/\/rr5234.net\/wp-content\/uploads\/2026\/01\/rr5234-vip.png\" class=\"attachment-original size-original\" alt=\"RR5234\" srcset=\"https:\/\/rr5234.net\/wp-content\/uploads\/2026\/01\/rr5234-vip.png 590w, https:\/\/rr5234.net\/wp-content\/uploads\/2026\/01\/rr5234-vip-300x135.png 300w\" sizes=\"auto, (max-width: 590px) 100vw, 590px\" \/>\t\t\t\t\t\t\n\t\t\t\t\t<\/div>\n\t\t\t\t\t\t<\/a>\t\t\n<style>\n#image_2001606411 {\n  width: 100%;\n}\n<\/style>\n\t<\/div>\n\t\n\t\t<\/div>\n\t\t\t\t\t<\/div>\n\n\t\n\n\t<div id=\"col-1901591130\" class=\"col medium-4 small-12 large-4\"  >\n\t\t\t\t<div class=\"col-inner\"  >\n\t\t\t\n\t\t\t\n\t<div class=\"img has-hover x md-x lg-x y md-y lg-y\" id=\"image_24523341\">\n\t\t<a class=\"\" href=\"https:\/\/rr5234.net\/qc\/2\" target=\"_blank\" rel=\"noopener\">\t\t\t\t\t\t<div class=\"img-inner dark\" >\n\t\t\t<img loading=\"lazy\" decoding=\"async\" width=\"590\" height=\"265\" src=\"https:\/\/rr5234.net\/wp-content\/uploads\/2026\/01\/rr5234-dd.png\" class=\"attachment-original size-original\" alt=\"\" srcset=\"https:\/\/rr5234.net\/wp-content\/uploads\/2026\/01\/rr5234-dd.png 590w, https:\/\/rr5234.net\/wp-content\/uploads\/2026\/01\/rr5234-dd-300x135.png 300w\" sizes=\"auto, (max-width: 590px) 100vw, 590px\" \/>\t\t\t\t\t\t\n\t\t\t\t\t<\/div>\n\t\t\t\t\t\t<\/a>\t\t\n<style>\n#image_24523341 {\n  width: 100%;\n}\n<\/style>\n\t<\/div>\n\t\n\t\t<\/div>\n\t\t\t\t\t<\/div>\n\n\t\n\n\t<div id=\"col-200890222\" class=\"col medium-4 small-12 large-4\"  >\n\t\t\t\t<div class=\"col-inner\"  >\n\t\t\t\n\t\t\t\n\t<div class=\"img has-hover x md-x lg-x y md-y lg-y\" id=\"image_1487760563\">\n\t\t<a class=\"\" href=\"https:\/\/rr5234.net\/qc\/2\" target=\"_blank\" rel=\"noopener\">\t\t\t\t\t\t<div class=\"img-inner dark\" >\n\t\t\t<img loading=\"lazy\" decoding=\"async\" width=\"590\" height=\"265\" src=\"https:\/\/rr5234.net\/wp-content\/uploads\/2026\/01\/rr88-tai.png\" class=\"attachment-original size-original\" alt=\"RR5234\" srcset=\"https:\/\/rr5234.net\/wp-content\/uploads\/2026\/01\/rr88-tai.png 590w, https:\/\/rr5234.net\/wp-content\/uploads\/2026\/01\/rr88-tai-300x135.png 300w\" sizes=\"auto, (max-width: 590px) 100vw, 590px\" \/>\t\t\t\t\t\t\n\t\t\t\t\t<\/div>\n\t\t\t\t\t\t<\/a>\t\t\n<style>\n#image_1487760563 {\n  width: 100%;\n}\n<\/style>\n\t<\/div>\n\t\n\t\t<\/div>\n\t\t\t\t\t<\/div>\n\n\t\n\n\t<div id=\"col-1110044512\" class=\"col medium-4 small-12 large-4\"  >\n\t\t\t\t<div class=\"col-inner\"  >\n\t\t\t\n\t\t\t\n\t<div class=\"img has-hover x md-x lg-x y md-y lg-y\" id=\"image_474240835\">\n\t\t<a class=\"\" href=\"https:\/\/rr5234.net\/qc\/2\" target=\"_blank\" rel=\"noopener\">\t\t\t\t\t\t<div class=\"img-inner dark\" >\n\t\t\t<img loading=\"lazy\" decoding=\"async\" width=\"590\" height=\"265\" src=\"https:\/\/rr5234.net\/wp-content\/uploads\/2026\/01\/rr5234-hoan.png\" class=\"attachment-original size-original\" alt=\"\" srcset=\"https:\/\/rr5234.net\/wp-content\/uploads\/2026\/01\/rr5234-hoan.png 590w, https:\/\/rr5234.net\/wp-content\/uploads\/2026\/01\/rr5234-hoan-300x135.png 300w\" sizes=\"auto, (max-width: 590px) 100vw, 590px\" \/>\t\t\t\t\t\t\n\t\t\t\t\t<\/div>\n\t\t\t\t\t\t<\/a>\t\t\n<style>\n#image_474240835 {\n  width: 100%;\n}\n<\/style>\n\t<\/div>\n\t\n\t\t<\/div>\n\t\t\t\t\t<\/div>\n\n\t\n<\/div>\n\t\t<\/div>\n\t\t\t\t\t<\/div>\n\n\t\n<\/div>\n","protected":false},"excerpt":{"rendered":"","protected":false},"author":1,"featured_media":6,"parent":0,"menu_order":0,"comment_status":"closed","ping_status":"closed","template":"","meta":{"footnotes":""},"class_list":["post-26","page","type-page","status-publish","has-post-thumbnail","hentry"],"_links":{"self":[{"href":"https:\/\/rr5234.net\/index.php?rest_route=\/wp\/v2\/pages\/26","targetHints":{"allow":["GET"]}}],"collection":[{"href":"https:\/\/rr5234.net\/index.php?rest_route=\/wp\/v2\/pages"}],"about":[{"href":"https:\/\/rr5234.net\/index.php?rest_route=\/wp\/v2\/types\/page"}],"author":[{"embeddable":true,"href":"https:\/\/rr5234.net\/index.php?rest_route=\/wp\/v2\/users\/1"}],"replies":[{"embeddable":true,"href":"https:\/\/rr5234.net\/index.php?rest_route=%2Fwp%2Fv2%2Fcomments&post=26"}],"version-history":[{"count":12,"href":"https:\/\/rr5234.net\/index.php?rest_route=\/wp\/v2\/pages\/26\/revisions"}],"predecessor-version":[{"id":72,"href":"https:\/\/rr5234.net\/index.php?rest_route=\/wp\/v2\/pages\/26\/revisions\/72"}],"wp:featuredmedia":[{"embeddable":true,"href":"https:\/\/rr5234.net\/index.php?rest_route=\/wp\/v2\/media\/6"}],"wp:attachment":[{"href":"https:\/\/rr5234.net\/index.php?rest_route=%2Fwp%2Fv2%2Fmedia&parent=26"}],"curies":[{"name":"wp","href":"https:\/\/api.w.org\/{rel}","templated":true}]}}